{"id":8926,"date":"2019-07-15T12:01:31","date_gmt":"2019-07-15T04:01:31","guid":{"rendered":"https:\/\/www.woofaa.com\/product\/%e5%b0%88%e6%a5%ad%e7%94%b2%e9%86%9b%e6%b8%ac-%e6%89%8b%e6%8f%90voc%e9%9c%a7%e9%9c%be%e5%81%b5%e6%b8%ac%e5%99%a8-126\/"},"modified":"2026-04-08T14:19:25","modified_gmt":"2026-04-08T06:19:25","slug":"smart-126-iaq-monitor","status":"publish","type":"product","link":"https:\/\/www.woofaa.com\/zh-hk\/product\/smart-126-iaq-monitor\/","title":{"rendered":"Formaldehied Monitor Draagbare VOC Stofdetektor 126"},"content":{"rendered":"<p>Professional Formaldehide Measured (BR-SMART-126) is &#8216;n professionele professionele draagbare TVOC-stofdetektor wat &#8216;n professionele ho\u00eb-presisie lasersensor gebruik. Dit kan verskeie deeltjies monitor (PM2.5, PM10, formaldehied, TVOC). Standaard Micro SD-datageheuekaart (maksimum ondersteuning 8GB, meer as 10 000 toetsrekords). Dit kan aan die rekenaar koppel om data uit te voer. 2,4 duim monitor met grafiese skerm.    <\/p>\n<p><iframe loading=\"lazy\" src=\"https:\/\/www.youtube.com\/embed\/_Iq8OhdWsQI\" width=\"853\" height=\"480\" frameborder=\"0\" allowfullscreen=\"allowfullscreen\"><\/iframe><\/p>\n<p>Kommersi\u00eble monitering was nog nooit so sterk nie! Met hierdie masjien kan meubel- en sagte dekorverskaffers aan hul kli\u00ebnte wys waarvoor hul produkte skoon en omgewingsvriendelik is. Dit lei tot &#8216;n ho\u00ebr verkoop.  <\/p>\n<p><img loading=\"lazy\" decoding=\"async\" class=\"aligncenter wp-image-1086 size-full\" src=\"https:\/\/www.woofaa.com\/wp-content\/uploads\/2019\/07\/WF-HMD126-15E.jpg\" alt=\"BRAMC - Slim 126 Binnenshuise Luggehaltemonitor\" width=\"1024\" height=\"621\" srcset=\"https:\/\/www.woofaa.com\/wp-content\/uploads\/2019\/07\/WF-HMD126-15E.jpg 1024w, https:\/\/www.woofaa.com\/wp-content\/uploads\/2019\/07\/WF-HMD126-15E-300x182.jpg 300w, https:\/\/www.woofaa.com\/wp-content\/uploads\/2019\/07\/WF-HMD126-15E-768x466.jpg 768w, https:\/\/www.woofaa.com\/wp-content\/uploads\/2019\/07\/WF-HMD126-15E-600x364.jpg 600w\" sizes=\"(max-width: 1024px) 100vw, 1024px\" \/><\/p>\n<p>Ses regstreekse data sluit HCHO, PM2.5, PM10, TVOC in. Ho\u00eb spoed en ho\u00eb akkuraatheid. Gerieflike en maklike manipulasie. In vergelyking met ander handelsmerke wat slegs formaldehied of PM2.5 gemeet het, het dit &#8216;n ho\u00ebr koste-prestasie verhouding.   <\/p>\n<p>PM10 verwys na inasemende deeltjies wat asemhalingsweg- en longsiektes, veral vir bejaardes en kinders, kan stimuleer.<\/p>\n<ul>\n<li>Toepaslike area: sitkamer, kantoor, winkel, motor.<\/li>\n<li>Toepaslike gebruikers: binnenshuise ontwerpers, verskaffers van binnenshuise sagte dekorasie, professionele skoonmaakdiensverskaffers, individue wat bekommerd is oor luggehalte.<\/li>\n<li>Funksies: HCHO, PM2.5, PM10, TVOC real-time meting; geskiedenis herhaling; kalibrasie.<\/li>\n<li>Spesifikasie: draagbaar, kleurvertoon, geskiedenisherhaling<\/li>\n<\/ul>\n<p><img loading=\"lazy\" decoding=\"async\" class=\"aligncenter wp-image-1087 size-full\" src=\"https:\/\/www.woofaa.com\/wp-content\/uploads\/2019\/07\/WF-HMD126-16E.jpg\" alt=\"BRAMC - Slim 126 Binnenshuise Luggehaltemonitor\" width=\"790\" height=\"478\" srcset=\"https:\/\/www.woofaa.com\/wp-content\/uploads\/2019\/07\/WF-HMD126-16E.jpg 790w, https:\/\/www.woofaa.com\/wp-content\/uploads\/2019\/07\/WF-HMD126-16E-300x182.jpg 300w, https:\/\/www.woofaa.com\/wp-content\/uploads\/2019\/07\/WF-HMD126-16E-768x465.jpg 768w, https:\/\/www.woofaa.com\/wp-content\/uploads\/2019\/07\/WF-HMD126-16E-600x363.jpg 600w\" sizes=\"(max-width: 790px) 100vw, 790px\" \/><\/p>\n<p>Draagbare binnenshuise luggehaltemonitor detecteer konsentrasie van formaldehied (HCHO), PM2.5, PM10, TVOC en ander vlugtige organiese verbindings. Dit kan 0.001 ppm HCHO-ione vasvang. Lugkwaliteit in die regstreekse omgewing. Dit het &#8216;n superieure bergingsfunksie wat meer as 10 000 rekords stoor. Voer data uit, koppel net aan die rekenaar.    <\/p>\n<div class='one_third'>\n\t\t\t\t\t<div id=\"attachment_8936\" style=\"width: 970px\" class=\"wp-caption aligncenter\"><img loading=\"lazy\" decoding=\"async\" aria-describedby=\"caption-attachment-8936\" class=\"wp-image-1088 size-full\" src=\"https:\/\/www.woofaa.com\/wp-content\/uploads\/2019\/07\/WF-HMD126-6.jpg\" alt=\"BRAMC - Slim 126 Binnenshuise Luggehaltemonitor\" width=\"960\" height=\"960\" srcset=\"https:\/\/www.woofaa.com\/wp-content\/uploads\/2019\/07\/WF-HMD126-6.jpg 960w, https:\/\/www.woofaa.com\/wp-content\/uploads\/2019\/07\/WF-HMD126-6-150x150.jpg 150w, https:\/\/www.woofaa.com\/wp-content\/uploads\/2019\/07\/WF-HMD126-6-300x300.jpg 300w, https:\/\/www.woofaa.com\/wp-content\/uploads\/2019\/07\/WF-HMD126-6-768x768.jpg 768w, https:\/\/www.woofaa.com\/wp-content\/uploads\/2019\/07\/WF-HMD126-6-600x600.jpg 600w, https:\/\/www.woofaa.com\/wp-content\/uploads\/2019\/07\/WF-HMD126-6-100x100.jpg 100w\" sizes=\"(max-width: 960px) 100vw, 960px\" \/><p id=\"caption-attachment-8936\" class=\"wp-caption-text\">Ek gebruik &#8216;n professionele sensor. Monitor die binnenshuise luggehalte ter plaatse. BR-SMART-126 handgehoue formaldehied gemeet<\/p><\/div>\n\t\t\t\t<\/div>\n<div class='one_third'>\n\t\t\t\t\t<div id=\"attachment_8933\" style=\"width: 970px\" class=\"wp-caption aligncenter\"><img loading=\"lazy\" decoding=\"async\" aria-describedby=\"caption-attachment-8933\" class=\"size-full wp-image-1089\" src=\"https:\/\/www.woofaa.com\/wp-content\/uploads\/2019\/07\/WF-HMD126-8.jpg\" alt=\"BRAMC - Slim 126 Binnenshuise Luggehaltemonitor\" width=\"960\" height=\"960\" srcset=\"https:\/\/www.woofaa.com\/wp-content\/uploads\/2019\/07\/WF-HMD126-8.jpg 960w, https:\/\/www.woofaa.com\/wp-content\/uploads\/2019\/07\/WF-HMD126-8-150x150.jpg 150w, https:\/\/www.woofaa.com\/wp-content\/uploads\/2019\/07\/WF-HMD126-8-300x300.jpg 300w, https:\/\/www.woofaa.com\/wp-content\/uploads\/2019\/07\/WF-HMD126-8-768x768.jpg 768w, https:\/\/www.woofaa.com\/wp-content\/uploads\/2019\/07\/WF-HMD126-8-600x600.jpg 600w, https:\/\/www.woofaa.com\/wp-content\/uploads\/2019\/07\/WF-HMD126-8-100x100.jpg 100w\" sizes=\"(max-width: 960px) 100vw, 960px\" \/><p id=\"caption-attachment-8933\" class=\"wp-caption-text\">Die hoeveelheid formaldehied en VOC langs die houtsitplek het &#8216;n bietjie oor. Dit is bedekte kunsmatige fineerpanele. Vlugtige verbinding wat vrygestel is, kan as gevolg van die kerfmerke veroorsaak word.<\/p><\/div>\n\t\t\t\t<\/div>\n<div class='one_third et_column_last'>\n\t\t\t\t\t<div id=\"attachment_8932\" style=\"width: 970px\" class=\"wp-caption aligncenter\"><img loading=\"lazy\" decoding=\"async\" aria-describedby=\"caption-attachment-8932\" class=\"size-full wp-image-1090\" src=\"https:\/\/www.woofaa.com\/wp-content\/uploads\/2019\/07\/WF-HMD126-7.jpg\" alt=\"BRAMC - Slim 126 Binnenshuise Luggehaltemonitor\" width=\"960\" height=\"960\" srcset=\"https:\/\/www.woofaa.com\/wp-content\/uploads\/2019\/07\/WF-HMD126-7.jpg 960w, https:\/\/www.woofaa.com\/wp-content\/uploads\/2019\/07\/WF-HMD126-7-150x150.jpg 150w, https:\/\/www.woofaa.com\/wp-content\/uploads\/2019\/07\/WF-HMD126-7-300x300.jpg 300w, https:\/\/www.woofaa.com\/wp-content\/uploads\/2019\/07\/WF-HMD126-7-768x768.jpg 768w, https:\/\/www.woofaa.com\/wp-content\/uploads\/2019\/07\/WF-HMD126-7-600x600.jpg 600w, https:\/\/www.woofaa.com\/wp-content\/uploads\/2019\/07\/WF-HMD126-7-100x100.jpg 100w\" sizes=\"(max-width: 960px) 100vw, 960px\" \/><p id=\"caption-attachment-8932\" class=\"wp-caption-text\">Ek gebruik &#8216;n professionele sensor. Monitor die rooster op die perseel. PM2.5, PM10 en lugdeeltjies. BR-SMART-126<\/p><\/div>\n\t\t\t\t<\/div><div class='clear'><\/div>\n<h2>\u7522\u54c1\u898f\u683c<\/h2>\n<p>Met behulp van DART-gepatenteerde tegnologie is die 2.0 ultra-presisie AD-skyfie. Akkurate meting van HCHO deur komplekse chemiese prosesse. Ek gebruik die oorspronklike FIGARO sensor uit Japan. Monitor die konsentrasie van VOC&#8217;s effektief.   <\/p>\n<p>Die gebruik van die professionele ho\u00eb-presisie lasersensor om luggedraagde besoedeling op te spoor. Die akkuraatheid daarvan kan virusvlakdeeltjies onderskei. Unieke V-PSO-gepatenteerde algoritmes vang PM2.5-deeltjies akkuraat vas. Sterk geskiedenisbergingsfunksie wat die proses van luggehalteverandering kan opneem. Standaard 128MB Micro SD-geheuekaart. Data kan maklik uitgevoer word wanneer dit aan die rekenaar gekoppel is. Maksimum ondersteuning 8GB.      <\/p>\n<ul>\n<li>Gasdeteksie: PM2.5, PM10, formaldehied (HCHO), vlugtige organiese verbindings (TVOC) in lug.<\/li>\n<li>Monsternemingsmetode: Pomp-suiging<\/li>\n<li>Werksomgewing: 5~40\u00b0C, Humiditeit &lt; 90% RH<\/li>\n<li>Bergingsomgewing: -20~50\u00b0C, Humiditeit &lt; 90% RH<\/li>\n<li>Krag: Litium-ioon polimeerbattery, Kapasiteit: 2 200mAh (&gt; 4 uur deurlopende gebruik)<\/li>\n<li>Afmeting: 65 x 140 x 40 mm<\/li>\n<li>Gewig: ongeveer 500 g<\/li>\n<li>Elektro-chemiese formaldehiedsensor:\n<ul>\n<li>Resolusie: 0.01 mg\/m3<\/li>\n<li>Maksimum reikafstand: 3.00 mg\/m3<\/li>\n<\/ul>\n<\/li>\n<li>Metaaloksied-halfgeleier TVOC-sensor:\n<ul>\n<li>Reaktiewe gas: tolueen, benzeen, asetoon ensovoorts<\/li>\n<li>Resolusie: 0.01 mg\/m3<\/li>\n<li>Maksimum reikafstand: 9.99 mg\/m3<\/li>\n<\/ul>\n<\/li>\n<\/ul>\n<p>Kompakte ergonomiese ontwerp vir beter greep. Industri\u00eble instrumentasie vir seismiese ontwerp. Dit het &#8216;n lang wagtyd, deurlopende steekproeftyd van meer as 10 uur. Normale meet tot 720 uur sonder herlaai, ho\u00ebr as die bedryfsgemiddelde van 16 keer.   <\/p>\n<p>Koel en helder voorkoms met sian, oranje en groen. Liggaamsgebruik van mediese antibakteriese materiaal. <\/p>\n<div class='one_third'>\n\t\t\t\t\t<div id=\"attachment_8937\" style=\"width: 1090px\" class=\"wp-caption aligncenter\"><img loading=\"lazy\" decoding=\"async\" aria-describedby=\"caption-attachment-8937\" class=\"wp-image-1091 size-large\" src=\"https:\/\/www.woofaa.com\/wp-content\/uploads\/2019\/07\/WF-HMD126-13_1200-1200x1600.jpg\" alt=\"BRAMC - Slim 126 Binnenshuise Luggehaltemonitor\" width=\"1080\" height=\"1440\" srcset=\"https:\/\/www.woofaa.com\/wp-content\/uploads\/2019\/07\/WF-HMD126-13_1200.jpg 1200w, https:\/\/www.woofaa.com\/wp-content\/uploads\/2019\/07\/WF-HMD126-13_1200-225x300.jpg 225w, https:\/\/www.woofaa.com\/wp-content\/uploads\/2019\/07\/WF-HMD126-13_1200-768x1024.jpg 768w, https:\/\/www.woofaa.com\/wp-content\/uploads\/2019\/07\/WF-HMD126-13_1200-1080x1440.jpg 1080w, https:\/\/www.woofaa.com\/wp-content\/uploads\/2019\/07\/WF-HMD126-13_1200-600x800.jpg 600w\" sizes=\"(max-width: 1080px) 100vw, 1080px\" \/><p id=\"caption-attachment-8937\" class=\"wp-caption-text\">Professionele luggehaltesensor. Plaaslike inspeksie, luggehalte van kantoor, klaskamer, ateljee. BR-SMART-126.<\/p><\/div>\n\t\t\t\t<\/div>\n<div class='one_third'>\n\t\t\t\t\t<div id=\"attachment_8931\" style=\"width: 1090px\" class=\"wp-caption aligncenter\"><img loading=\"lazy\" decoding=\"async\" aria-describedby=\"caption-attachment-8931\" class=\"size-large wp-image-1092\" src=\"https:\/\/www.woofaa.com\/wp-content\/uploads\/2019\/07\/WF-HMD126-10_1200-1200x1195.jpg\" alt=\"BRAMC - Slim 126 Binnenshuise Luggehaltemonitor\" width=\"1080\" height=\"1076\" srcset=\"https:\/\/www.woofaa.com\/wp-content\/uploads\/2019\/07\/WF-HMD126-10_1200.jpg 1200w, https:\/\/www.woofaa.com\/wp-content\/uploads\/2019\/07\/WF-HMD126-10_1200-150x150.jpg 150w, https:\/\/www.woofaa.com\/wp-content\/uploads\/2019\/07\/WF-HMD126-10_1200-300x300.jpg 300w, https:\/\/www.woofaa.com\/wp-content\/uploads\/2019\/07\/WF-HMD126-10_1200-768x765.jpg 768w, https:\/\/www.woofaa.com\/wp-content\/uploads\/2019\/07\/WF-HMD126-10_1200-1080x1076.jpg 1080w, https:\/\/www.woofaa.com\/wp-content\/uploads\/2019\/07\/WF-HMD126-10_1200-600x598.jpg 600w, https:\/\/www.woofaa.com\/wp-content\/uploads\/2019\/07\/WF-HMD126-10_1200-100x100.jpg 100w\" sizes=\"(max-width: 1080px) 100vw, 1080px\" \/><p id=\"caption-attachment-8931\" class=\"wp-caption-text\">Professionele luggehaltesensor. Toets die doeltreffendheid van lugreiniger. BR-SMART-126 Handgehoue formaldehied gemeet.<\/p><\/div>\n\t\t\t\t<\/div>\n<div class='one_third et_column_last'>\n\t\t\t\t\t<div id=\"attachment_8938\" style=\"width: 1090px\" class=\"wp-caption aligncenter\"><img loading=\"lazy\" decoding=\"async\" aria-describedby=\"caption-attachment-8938\" class=\"size-large wp-image-1093\" src=\"https:\/\/www.woofaa.com\/wp-content\/uploads\/2019\/07\/WF-HMD126-11_1200-1200x1600.jpg\" alt=\"BRAMC - Slim 126 Binnenshuise Luggehaltemonitor\" width=\"1080\" height=\"1440\" srcset=\"https:\/\/www.woofaa.com\/wp-content\/uploads\/2019\/07\/WF-HMD126-11_1200.jpg 1200w, https:\/\/www.woofaa.com\/wp-content\/uploads\/2019\/07\/WF-HMD126-11_1200-225x300.jpg 225w, https:\/\/www.woofaa.com\/wp-content\/uploads\/2019\/07\/WF-HMD126-11_1200-768x1024.jpg 768w, https:\/\/www.woofaa.com\/wp-content\/uploads\/2019\/07\/WF-HMD126-11_1200-1080x1440.jpg 1080w, https:\/\/www.woofaa.com\/wp-content\/uploads\/2019\/07\/WF-HMD126-11_1200-600x800.jpg 600w\" sizes=\"(max-width: 1080px) 100vw, 1080px\" \/><p id=\"caption-attachment-8938\" class=\"wp-caption-text\">Professionele luggehaltesensor. Toets die stofverwyderingsdoeltreffendheid van &#8216;n lugreiniger. BR-SMART-126 Handgehoue formaldehied gemeet.<\/p><\/div>\n\t\t\t\t<\/div><div class='clear'><\/div>\n<h2>Voorsorgmaatre\u00ebls:<\/h2>\n<p>Wanneer jy dit die eerste keer gebruik, plaas vars lug buite vir ongeveer 2 uur vir kalibrasie voordat jy dit monitor. Voordat jy binnenshuise lugkwaliteit meet, sluit asseblief die deure en vensters vir meer akkurate resultate. Na gebruik van die instrument, plaas die opsporingsgat na die le\u00eb plek wat weer akkuraat kan toets.  <\/p>\n<ul>\n<li>Die IAQ-produkte gebruik gepatenteerde elektrochemiese sensortegnologie. Die skyfie en mikroverwerkers is ho\u00ebtegnologieprodukte. Hou asseblief die produk weg van water, vuur en produk-presisieonderdele om interferensie te voorkom.  <\/li>\n<li>Wanneer die produk gebruik word, vermy elektriese waaiers, verhitters en ander sterk winde wat direk inmeng met die akkuraatheid van die monitering van resultate. Hierdie produk moet toegelaat word om in &#8216;n gebied met stabiele lugvloei te staan, sodat die moniteringsresultate akkuraat is. <\/li>\n<li>Voorkom dat kinders die dele insluk.<\/li>\n<li>Moet asseblief nie die produk uitmekaar haal, herstel of wysig nie, want dit kan nie behoorlik meet nie.<\/li>\n<\/ul>\n","protected":false},"excerpt":{"rendered":"<p>Onmiddellike metings van PM2.5, PM10, HCHO en VOC&#8217;s. SD-kaart vir per-minuut datalogboek. <\/p>\n<p>\u4e0d\u9650\u91cf\u7684\u96fb\u5b50\u90f5\u4ef6\u53ca\uff37hatsapp\u652f\u63f4\u670d\u52d9\u3002 Een jaar waarborg in Hongkong.<\/p>\n","protected":false},"featured_media":15927,"template":"","meta":{"_et_pb_use_builder":"on","_et_pb_old_content":"Professional Formaldehide Measured (BR-SMART-126) is 'n professionele professionele draagbare TVOC-stofdetektor wat 'n professionele ho\u00eb-presisie lasersensor gebruik. Dit kan verskeie deeltjies monitor (PM2.5, PM10, formaldehied, TVOC). Standaard Micro SD-datageheuekaart (maksimum ondersteuning 8GB, meer as 10 000 toetsrekords). Dit kan aan die rekenaar koppel om data uit te voer. 2,4 duim monitor met grafiese skerm.    \n\n<iframe src=\"https:\/\/www.youtube.com\/embed\/_Iq8OhdWsQI\" width=\"853\" height=\"480\" frameborder=\"0\" allowfullscreen=\"allowfullscreen\"><\/iframe>\n\nKommersi\u00eble monitering was nog nooit so sterk nie! Met hierdie masjien kan meubel- en sagte dekorverskaffers aan hul kli\u00ebnte wys waarvoor hul produkte skoon en omgewingsvriendelik is. Dit lei tot 'n ho\u00ebr verkoop.  \n\n<img class=\"aligncenter wp-image-1086 size-full\" src=\"https:\/\/www.woofaa.com\/wp-content\/uploads\/2019\/07\/WF-HMD126-15E.jpg\" alt=\"BRAMC - Slim 126 Binnenshuise Luggehaltemonitor\" width=\"1024\" height=\"621\">\n\nSes regstreekse data sluit HCHO, PM2.5, PM10, TVOC in. Ho\u00eb spoed en ho\u00eb akkuraatheid. Gerieflike en maklike manipulasie. In vergelyking met ander handelsmerke wat slegs formaldehied of PM2.5 gemeet het, het dit 'n ho\u00ebr koste-prestasie verhouding.   \n\nPM10 verwys na inasemende deeltjies wat asemhalingsweg- en longsiektes, veral vir bejaardes en kinders, kan stimuleer.\n<ul>\n \t<li>Toepaslike area: sitkamer, kantoor, winkel, motor.<\/li>\n \t<li>Toepaslike gebruikers: binnenshuise ontwerpers, verskaffers van binnenshuise sagte dekorasie, professionele skoonmaakdiensverskaffers, individue wat bekommerd is oor luggehalte.<\/li>\n \t<li>Funksies: HCHO, PM2.5, PM10, TVOC real-time meting; geskiedenis herhaling; kalibrasie.<\/li>\n \t<li>Spesifikasie: draagbaar, kleurvertoon, geskiedenisherhaling<\/li>\n<\/ul>\n<img class=\"aligncenter wp-image-1087 size-full\" src=\"https:\/\/www.woofaa.com\/wp-content\/uploads\/2019\/07\/WF-HMD126-16E.jpg\" alt=\"BRAMC - Slim 126 Binnenshuise Luggehaltemonitor\" width=\"790\" height=\"478\">\n\nDraagbare binnenshuise luggehaltemonitor detecteer konsentrasie van formaldehied (HCHO), PM2.5, PM10, TVOC en ander vlugtige organiese verbindings. Dit kan 0.001 ppm HCHO-ione vasvang. Lugkwaliteit in die regstreekse omgewing. Dit het 'n superieure bergingsfunksie wat meer as 10 000 rekords stoor. Voer data uit, koppel net aan die rekenaar.    \n\n[one_third]\n\n[caption id=\"attachment_1088\" align=\"aligncenter\" width=\"960\"]<img class=\"wp-image-1088 size-full\" src=\"https:\/\/www.woofaa.com\/wp-content\/uploads\/2019\/07\/WF-HMD126-6.jpg\" alt=\"{%ALT_TEXT%}\" width=\"960\" height=\"960\">{%CAPTION%}[\/caption]\n\n[\/one_third]\n\n[one_third]\n\n[caption id=\"attachment_1089\" align=\"aligncenter\" width=\"960\"]<img class=\"size-full wp-image-1089\" src=\"https:\/\/www.woofaa.com\/wp-content\/uploads\/2019\/07\/WF-HMD126-8.jpg\" alt=\"{%ALT_TEXT%}\" width=\"960\" height=\"960\">{%CAPTION%}[\/caption]\n\n[\/one_third]\n\n[one_third_last]\n\n[caption id=\"attachment_1090\" align=\"aligncenter\" width=\"960\"]<img class=\"size-full wp-image-1090\" src=\"https:\/\/www.woofaa.com\/wp-content\/uploads\/2019\/07\/WF-HMD126-7.jpg\" alt=\"{%ALT_TEXT%}\" width=\"960\" height=\"960\">{%CAPTION%}[\/caption]\n\n[\/one_third_last]\n<h2>\u7522\u54c1\u898f\u683c<\/h2>\nMet behulp van DART-gepatenteerde tegnologie is die 2.0 ultra-presisie AD-skyfie. Akkurate meting van HCHO deur komplekse chemiese prosesse. Ek gebruik die oorspronklike FIGARO sensor uit Japan. Monitor die konsentrasie van VOC's effektief.   \n\nDie gebruik van die professionele ho\u00eb-presisie lasersensor om luggedraagde besoedeling op te spoor. Die akkuraatheid daarvan kan virusvlakdeeltjies onderskei. Unieke V-PSO-gepatenteerde algoritmes vang PM2.5-deeltjies akkuraat vas. Sterk geskiedenisbergingsfunksie wat die proses van luggehalteverandering kan opneem. Standaard 128MB Micro SD-geheuekaart. Data kan maklik uitgevoer word wanneer dit aan die rekenaar gekoppel is. Maksimum ondersteuning 8GB.      \n<ul>\n \t<li>Gasdeteksie: PM2.5, PM10, formaldehied (HCHO), vlugtige organiese verbindings (TVOC) in lug.<\/li>\n \t<li>Monsternemingsmetode: Pomp-suiging<\/li>\n \t<li>Werksomgewing: 5~40\u00b0C, Humiditeit < 90% RH<\/li>\n \t<li>Bergingsomgewing: -20~50\u00b0C, Humiditeit < 90% RH<\/li>\n \t<li>Krag: Litium-ioon polimeerbattery, Kapasiteit: 2 200mAh (> 4 uur deurlopende gebruik)<\/li>\n \t<li>Afmeting: 65 x 140 x 40 mm<\/li>\n \t<li>Gewig: ongeveer 500 g<\/li>\n \t<li>Elektro-chemiese formaldehiedsensor:\n<ul>\n \t<li>Resolusie: 0.01 mg\/m3<\/li>\n \t<li>Maksimum reikafstand: 3.00 mg\/m3<\/li>\n<\/ul>\n<\/li>\n \t<li>Metaaloksied-halfgeleier TVOC-sensor:\n<ul>\n \t<li>Reaktiewe gas: tolueen, benzeen, asetoon ensovoorts<\/li>\n \t<li>Resolusie: 0.01 mg\/m3<\/li>\n \t<li>Maksimum reikafstand: 9.99 mg\/m3<\/li>\n<\/ul>\n<\/li>\n<\/ul>\nKompakte ergonomiese ontwerp vir beter greep. Industri\u00eble instrumentasie vir seismiese ontwerp. Dit het 'n lang wagtyd, deurlopende steekproeftyd van meer as 10 uur. Normale meet tot 720 uur sonder herlaai, ho\u00ebr as die bedryfsgemiddelde van 16 keer.   \n\nKoel en helder voorkoms met sian, oranje en groen. Liggaamsgebruik van mediese antibakteriese materiaal. \n\n[one_third]\n\n[caption id=\"attachment_1091\" align=\"aligncenter\" width=\"1080\"]<img class=\"wp-image-1091 size-large\" src=\"https:\/\/www.woofaa.com\/wp-content\/uploads\/2019\/07\/WF-HMD126-13_1200-1200x1600.jpg\" alt=\"{%ALT_TEXT%}\" width=\"1080\" height=\"1440\">{%CAPTION%}[\/caption]\n\n[\/one_third]\n\n[one_third]\n\n[caption id=\"attachment_1092\" align=\"aligncenter\" width=\"1080\"]<img class=\"size-large wp-image-1092\" src=\"https:\/\/www.woofaa.com\/wp-content\/uploads\/2019\/07\/WF-HMD126-10_1200-1200x1195.jpg\" alt=\"{%ALT_TEXT%}\" width=\"1080\" height=\"1076\">{%CAPTION%}[\/caption]\n\n[\/one_third]\n\n[one_third_last]\n\n[caption id=\"attachment_1093\" align=\"aligncenter\" width=\"1080\"]<img class=\"size-large wp-image-1093\" src=\"https:\/\/www.woofaa.com\/wp-content\/uploads\/2019\/07\/WF-HMD126-11_1200-1200x1600.jpg\" alt=\"{%ALT_TEXT%}\" width=\"1080\" height=\"1440\">{%CAPTION%}[\/caption]\n\n[\/one_third_last]\n<h2>Voorsorgmaatre\u00ebls:<\/h2>\nWanneer jy dit die eerste keer gebruik, plaas vars lug buite vir ongeveer 2 uur vir kalibrasie voordat jy dit monitor. Voordat jy binnenshuise lugkwaliteit meet, sluit asseblief die deure en vensters vir meer akkurate resultate. Na gebruik van die instrument, plaas die opsporingsgat na die le\u00eb plek wat weer akkuraat kan toets.  \n<ul>\n \t<li>Die IAQ-produkte gebruik gepatenteerde elektrochemiese sensortegnologie. Die skyfie en mikroverwerkers is ho\u00ebtegnologieprodukte. Hou asseblief die produk weg van water, vuur en produk-presisieonderdele om interferensie te voorkom.  <\/li>\n \t<li>Wanneer die produk gebruik word, vermy elektriese waaiers, verhitters en ander sterk winde wat direk inmeng met die akkuraatheid van die monitering van resultate. Hierdie produk moet toegelaat word om in 'n gebied met stabiele lugvloei te staan, sodat die moniteringsresultate akkuraat is. <\/li>\n \t<li>Voorkom dat kinders die dele insluk.<\/li>\n \t<li>Moet asseblief nie die produk uitmekaar haal, herstel of wysig nie, want dit kan nie behoorlik meet nie.<\/li>\n<\/ul>","_et_gb_content_width":"","wds_primary_pwb-brand":0,"wds_primary_product_brand":0,"wds_primary_product_cat":0},"pwb-brand":[908],"product_brand":[],"product_cat":[417],"product_tag":[1013],"class_list":{"0":"post-8926","1":"product","2":"type-product","3":"status-publish","4":"has-post-thumbnail","6":"pwb-brand-908","7":"product_cat-air-monitors","8":"product_tag-1013","10":"first","11":"instock","12":"shipping-taxable","13":"purchasable","14":"product-type-simple"},"brands":[{"id":908,"name":"BLATN","slug":"%e5%8d%9a%e6%9c%97%e9%80%9a"}],"_links":{"self":[{"href":"https:\/\/www.woofaa.com\/zh-hk\/wp-json\/wp\/v2\/product\/8926","targetHints":{"allow":["GET"]}}],"collection":[{"href":"https:\/\/www.woofaa.com\/zh-hk\/wp-json\/wp\/v2\/product"}],"about":[{"href":"https:\/\/www.woofaa.com\/zh-hk\/wp-json\/wp\/v2\/types\/product"}],"wp:featuredmedia":[{"embeddable":true,"href":"https:\/\/www.woofaa.com\/zh-hk\/wp-json\/wp\/v2\/media\/15927"}],"wp:attachment":[{"href":"https:\/\/www.woofaa.com\/zh-hk\/wp-json\/wp\/v2\/media?parent=8926"}],"wp:term":[{"taxonomy":"pwb-brand","embeddable":true,"href":"https:\/\/www.woofaa.com\/zh-hk\/wp-json\/wp\/v2\/pwb-brand?post=8926"},{"taxonomy":"product_brand","embeddable":true,"href":"https:\/\/www.woofaa.com\/zh-hk\/wp-json\/wp\/v2\/product_brand?post=8926"},{"taxonomy":"product_cat","embeddable":true,"href":"https:\/\/www.woofaa.com\/zh-hk\/wp-json\/wp\/v2\/product_cat?post=8926"},{"taxonomy":"product_tag","embeddable":true,"href":"https:\/\/www.woofaa.com\/zh-hk\/wp-json\/wp\/v2\/product_tag?post=8926"}],"curies":[{"name":"wp","href":"https:\/\/api.w.org\/{rel}","templated":true}]}}